{"id":104,"date":"2017-09-25T21:20:12","date_gmt":"2017-09-25T19:20:12","guid":{"rendered":"http:\/\/localhost\/wordpress\/?page_id=104"},"modified":"2018-04-01T17:08:48","modified_gmt":"2018-04-01T15:08:48","slug":"biobauer","status":"publish","type":"page","link":"https:\/\/www.orbi.or.at\/index.php\/biobauer\/","title":{"rendered":"Biobauer"},"content":{"rendered":"<h3>Leistungen des Orbi-Verbandes:<\/h3>\n<ul>\n<li>Zugang zu Beratung und Schulung<\/li>\n<li>Durchf\u00fchrung von Bodenuntersuchungen nach biologisch organischen Ma\u00dfst\u00e4ben (Ruschtest)<\/li>\n<li>Bezug der Verbandszeitschrift &#8222;Der b\u00e4uerliche Pionier&#8220; 4 mal j\u00e4hrlich<\/li>\n<li>j\u00e4hrliche Fachexkursion<\/li>\n<li>M\u00f6glichkeit eines j\u00e4hrlichen Bauernpraktikums mit Fachvortr\u00e4gen<\/li>\n<li>die Mitgliedschaft beinhaltet die Qualit\u00e4tssicherung nach Bio Austria Standart<\/li>\n<li>Interessensvertretung gemeinsam mit Bio Austria bei Land, Bund und EU<\/li>\n<\/ul>\n<p>&nbsp;<\/p>\n<h3>Verbandsrichtlinien:<\/h3>\n<ul>\n<li>Fl\u00e4chenkompost aus Mistkompost oder Pflanzenkompost<\/li>\n<li>aufbereitete Jauchen und G\u00fcllen durch Bel\u00fcftung, Zugabe von Wasser oder EM-Bakterien<\/li>\n<li>intensiver Einsatz von Vulkangesteinsmehlen<\/li>\n<\/ul>\n<p>&nbsp;<\/p>\n<h3>Kosten der Mitgliedschaft:<\/h3>\n<p>Der Mitgliedsbeitrag inklusive der Zeitschrift Pionier betr\u00e4gt j\u00e4hrlich 30.- Euro.<\/p>\n<p>Dazu kommt noch der j\u00e4hrliche Fl\u00e4chenbeitrag (Stand 2018):<\/p>\n<ul>\n<li style=\"list-style-type: none;\">\n<ul>\n<li style=\"list-style-type: none;\">\n<ul>\n<li>Ackerfrucht : Euro\/ha 11,00<\/li>\n<li>Futterbau : Euro\/ha\u00a0\u00a0 6,00<\/li>\n<li>Gr\u00fcnland : Euro\/ha\u00a0\u00a0 4,40<\/li>\n<li>Spezialkultur: Euro\/ha\u00a0 22,00<\/li>\n<\/ul>\n<\/li>\n<\/ul>\n<\/li>\n<\/ul>\n<p>In Zukunft werden die Werte alle 3 Jahre um 3 % erh\u00f6ht.<\/p>\n","protected":false},"excerpt":{"rendered":"<p>Leistungen des Orbi-Verbandes: Zugang zu Beratung und Schulung Durchf\u00fchrung von Bodenuntersuchungen nach biologisch organischen Ma\u00dfst\u00e4ben (Ruschtest) Bezug der Verbandszeitschrift &#8222;Der b\u00e4uerliche Pionier&#8220; 4 mal j\u00e4hrlich j\u00e4hrliche Fachexkursion M\u00f6glichkeit eines j\u00e4hrlichen Bauernpraktikums mit Fachvortr\u00e4gen die Mitgliedschaft beinhaltet die Qualit\u00e4tssicherung nach Bio Austria Standart Interessensvertretung gemeinsam mit Bio Austria bei Land, Bund und EU &nbsp; Verbandsrichtlinien: Fl\u00e4chenkompost &hellip; <a href=\"https:\/\/www.orbi.or.at\/index.php\/biobauer\/\" class=\"more-link\"><span class=\"screen-reader-text\">Biobauer<\/span> weiterlesen <span class=\"meta-nav\">&rarr;<\/span><\/a><\/p>\n","protected":false},"author":1,"featured_media":0,"parent":0,"menu_order":0,"comment_status":"closed","ping_status":"closed","template":"","meta":[],"_links":{"self":[{"href":"https:\/\/www.orbi.or.at\/index.php\/wp-json\/wp\/v2\/pages\/104"}],"collection":[{"href":"https:\/\/www.orbi.or.at\/index.php\/wp-json\/wp\/v2\/pages"}],"about":[{"href":"https:\/\/www.orbi.or.at\/index.php\/wp-json\/wp\/v2\/types\/page"}],"author":[{"embeddable":true,"href":"https:\/\/www.orbi.or.at\/index.php\/wp-json\/wp\/v2\/users\/1"}],"replies":[{"embeddable":true,"href":"https:\/\/www.orbi.or.at\/index.php\/wp-json\/wp\/v2\/comments?post=104"}],"version-history":[{"count":7,"href":"https:\/\/www.orbi.or.at\/index.php\/wp-json\/wp\/v2\/pages\/104\/revisions"}],"predecessor-version":[{"id":738,"href":"https:\/\/www.orbi.or.at\/index.php\/wp-json\/wp\/v2\/pages\/104\/revisions\/738"}],"wp:attachment":[{"href":"https:\/\/www.orbi.or.at\/index.php\/wp-json\/wp\/v2\/media?parent=104"}],"curies":[{"name":"wp","href":"https:\/\/api.w.org\/{rel}","templated":true}]}}