{"id":106,"date":"2017-09-25T21:20:12","date_gmt":"2017-09-25T19:20:12","guid":{"rendered":"http:\/\/localhost\/wordpress\/?page_id=106"},"modified":"2022-01-07T07:02:00","modified_gmt":"2022-01-07T06:02:00","slug":"formular-fuer-mitgliedschaft","status":"publish","type":"page","link":"https:\/\/www.orbi.or.at\/index.php\/formular-fuer-mitgliedschaft\/","title":{"rendered":"Formulare f\u00fcr Mitgliedschaft"},"content":{"rendered":"<p>&nbsp;<\/p>\n<ul>\n<li>Die folgende Vereinbarungformular regelt bei einem Neubeitritt die Rechte und Pflichten zwischen der F\u00f6rderungsgemeinschaft f\u00fcr gesundes Bauerntum und dem Betrieb.<\/li>\n<\/ul>\n<p><a href=\"https:\/\/www.orbi.or.at\/wp-content\/uploads\/2022\/01\/Vereinbarung-FGB-Mitgliedsschaft-_-1-.pdf\">Mitgliedschaftsvereinbarung (PDF Dokument)<\/a><\/p>\n<ul>\n<li>Beim folgendem Antragformular um Anerkennung sind die Betriebs- und Produktionsdaten auszuf\u00fcllen.<\/li>\n<\/ul>\n<p><a href=\"https:\/\/www.orbi.or.at\/wp-content\/uploads\/2022\/01\/Antrag-Anerkennung.pdf\">Antrag zur Anerkennung (PDF Dokument)<\/a><\/p>\n<p>&nbsp;<\/p>\n<p>Bei einem Neubetritt sind beide Formulare ausgef\u00fcllt und mit der pers\u00f6nlichen Unterschrift der Bewirtschafter\u00a0 entweder per mail an <a href=\"anfrage@orbi.or.at\">anfrage@orbi.or.at\u00a0<\/a>oder per Post an Josef K\u00fchb\u00f6ck Haimschlag 15 \u2013 3903 Echsenbach zu senden.<\/p>\n<p>&nbsp;<\/p>\n<p>&nbsp;<\/p>\n","protected":false},"excerpt":{"rendered":"<p>&nbsp; Die folgende Vereinbarungformular regelt bei einem Neubeitritt die Rechte und Pflichten zwischen der F\u00f6rderungsgemeinschaft f\u00fcr gesundes Bauerntum und dem Betrieb. Mitgliedschaftsvereinbarung (PDF Dokument) Beim folgendem Antragformular um Anerkennung sind die Betriebs- und Produktionsdaten auszuf\u00fcllen. Antrag zur Anerkennung (PDF Dokument) &nbsp; Bei einem Neubetritt sind beide Formulare ausgef\u00fcllt und mit der pers\u00f6nlichen Unterschrift der Bewirtschafter\u00a0 &hellip; <a href=\"https:\/\/www.orbi.or.at\/index.php\/formular-fuer-mitgliedschaft\/\" class=\"more-link\"><span class=\"screen-reader-text\">Formulare f\u00fcr Mitgliedschaft<\/span> weiterlesen <span class=\"meta-nav\">&rarr;<\/span><\/a><\/p>\n","protected":false},"author":1,"featured_media":0,"parent":0,"menu_order":0,"comment_status":"closed","ping_status":"closed","template":"","meta":[],"_links":{"self":[{"href":"https:\/\/www.orbi.or.at\/index.php\/wp-json\/wp\/v2\/pages\/106"}],"collection":[{"href":"https:\/\/www.orbi.or.at\/index.php\/wp-json\/wp\/v2\/pages"}],"about":[{"href":"https:\/\/www.orbi.or.at\/index.php\/wp-json\/wp\/v2\/types\/page"}],"author":[{"embeddable":true,"href":"https:\/\/www.orbi.or.at\/index.php\/wp-json\/wp\/v2\/users\/1"}],"replies":[{"embeddable":true,"href":"https:\/\/www.orbi.or.at\/index.php\/wp-json\/wp\/v2\/comments?post=106"}],"version-history":[{"count":13,"href":"https:\/\/www.orbi.or.at\/index.php\/wp-json\/wp\/v2\/pages\/106\/revisions"}],"predecessor-version":[{"id":1348,"href":"https:\/\/www.orbi.or.at\/index.php\/wp-json\/wp\/v2\/pages\/106\/revisions\/1348"}],"wp:attachment":[{"href":"https:\/\/www.orbi.or.at\/index.php\/wp-json\/wp\/v2\/media?parent=106"}],"curies":[{"name":"wp","href":"https:\/\/api.w.org\/{rel}","templated":true}]}}