{"id":1364,"date":"2022-03-12T14:39:16","date_gmt":"2022-03-12T13:39:16","guid":{"rendered":"https:\/\/www.orbi.or.at\/?page_id=1364"},"modified":"2022-03-12T14:39:48","modified_gmt":"2022-03-12T13:39:48","slug":"60-jahre-orbi-der-film","status":"publish","type":"page","link":"https:\/\/www.orbi.or.at\/index.php\/videos\/60-jahre-orbi-der-film\/","title":{"rendered":"60 Jahre Orbi &#8211; Der Film"},"content":{"rendered":"<p><iframe title=\"YouTube video player\" src=\"https:\/\/www.youtube-nocookie.com\/embed\/S9kkvGWu33c\" width=\"560\" height=\"315\" frameborder=\"0\" allowfullscreen=\"allowfullscreen\"><\/iframe><\/p>\n<h2>Ein Verein schreibt Bio-Geschichte<\/h2>\n<p>Die Kunstd\u00fcngerwirtschaft bl\u00fchte Mitte des vorigen Jahrhunderts. Eine Handvoll Bauern entschied sich damals 1959, einen anderen Weg einzuschlagen. Mit viel Mut und auf sich alleine gestellt. leisteten sie Pionierarbeit und legten in weiterer Folge den Grundstein f\u00fcr ORBI &#8211; den \u00e4ltesten organisch-biologischen Anbauverband \u00d6sterreichs \u2013 der nun sein 60-j\u00e4hriges Jubil\u00e4um feierte.<\/p>\n<p>Neben einem kurzen R\u00fcckblick auf die Anf\u00e4nge von ORBI, erz\u00e4hlen einige ORBI-Bauern, was den Verband so besonders macht, nach welchen Pr\u00e4missen sie ihren Bio-Betrieb bewirtschaften und warum ihr Fundament auf einem lebendigen, fruchtbaren Boden beruht. Zu Wort kommt auch Bio-Pionierin Ing. Helga Wagner (1924-2021), die ihr Leben ganz dem biologischen Landbau verschrieb.<\/p>\n<p>Dauer 31 Minuten 16:9 PAL.<br \/>\nCopyright by www.videoproduktion.at. Video auch als DVD lieferbar.<br \/>\nProduktion: ORBI Verband (2020-2022) www.orbi.or.at .<br \/>\nAlle Rechte vorbehalten.<\/p>\n","protected":false},"excerpt":{"rendered":"<p>Ein Verein schreibt Bio-Geschichte Die Kunstd\u00fcngerwirtschaft bl\u00fchte Mitte des vorigen Jahrhunderts. Eine Handvoll Bauern entschied sich damals 1959, einen anderen Weg einzuschlagen. Mit viel Mut und auf sich alleine gestellt. leisteten sie Pionierarbeit und legten in weiterer Folge den Grundstein f\u00fcr ORBI &#8211; den \u00e4ltesten organisch-biologischen Anbauverband \u00d6sterreichs \u2013 der nun sein 60-j\u00e4hriges Jubil\u00e4um feierte. &hellip; <a href=\"https:\/\/www.orbi.or.at\/index.php\/videos\/60-jahre-orbi-der-film\/\" class=\"more-link\"><span class=\"screen-reader-text\">60 Jahre Orbi &#8211; Der Film<\/span> weiterlesen <span class=\"meta-nav\">&rarr;<\/span><\/a><\/p>\n","protected":false},"author":4,"featured_media":0,"parent":772,"menu_order":0,"comment_status":"closed","ping_status":"closed","template":"","meta":[],"_links":{"self":[{"href":"https:\/\/www.orbi.or.at\/index.php\/wp-json\/wp\/v2\/pages\/1364"}],"collection":[{"href":"https:\/\/www.orbi.or.at\/index.php\/wp-json\/wp\/v2\/pages"}],"about":[{"href":"https:\/\/www.orbi.or.at\/index.php\/wp-json\/wp\/v2\/types\/page"}],"author":[{"embeddable":true,"href":"https:\/\/www.orbi.or.at\/index.php\/wp-json\/wp\/v2\/users\/4"}],"replies":[{"embeddable":true,"href":"https:\/\/www.orbi.or.at\/index.php\/wp-json\/wp\/v2\/comments?post=1364"}],"version-history":[{"count":4,"href":"https:\/\/www.orbi.or.at\/index.php\/wp-json\/wp\/v2\/pages\/1364\/revisions"}],"predecessor-version":[{"id":1368,"href":"https:\/\/www.orbi.or.at\/index.php\/wp-json\/wp\/v2\/pages\/1364\/revisions\/1368"}],"up":[{"embeddable":true,"href":"https:\/\/www.orbi.or.at\/index.php\/wp-json\/wp\/v2\/pages\/772"}],"wp:attachment":[{"href":"https:\/\/www.orbi.or.at\/index.php\/wp-json\/wp\/v2\/media?parent=1364"}],"curies":[{"name":"wp","href":"https:\/\/api.w.org\/{rel}","templated":true}]}}