{"id":772,"date":"2018-04-09T19:05:16","date_gmt":"2018-04-09T17:05:16","guid":{"rendered":"http:\/\/www.orbi.or.at\/?page_id=772"},"modified":"2019-12-04T21:57:46","modified_gmt":"2019-12-04T20:57:46","slug":"videos","status":"publish","type":"page","link":"https:\/\/www.orbi.or.at\/index.php\/videos\/","title":{"rendered":"Videos"},"content":{"rendered":"<h5><\/h5>\n<h5>Der neue Rusch\/Vanhooftest<\/h5>\n<p>Aufzeichnung eines Bauernpraktikums in Linz am 7.11.2019. Peter Vanhoof erkl\u00e4rt die biologischen Kreisl\u00e4ufe und erkl\u00e4rt seinen Test und zeigt die Auswertung mit praktischen Erfahrungsberichten. Der Test wird auch von der ORBI\u00a0 F\u00f6rdergemeinschaft f\u00fcr gesundes Bauerntum f\u00fcr Landwirte und G\u00e4rtner angeboten.<\/p>\n<p><iframe width=\"604\" height=\"340\" src=\"https:\/\/www.youtube.com\/embed\/XDaPC3QUB88?feature=oembed\" frameborder=\"0\" allow=\"accelerometer; autoplay; encrypted-media; gyroscope; picture-in-picture\" allowfullscreen><\/iframe><\/p>\n<p>Video: Friedel Hans . Copyright 2019. DVD bei <a href=\"mailto:ing.hans@aon.at\">ing.hans@aon.at<\/a><\/p>\n<p>&nbsp;<\/p>\n<h5>Frau Ing.Helga Wagner<\/h5>\n<h4>Bodenpraktikerausbildung 2016 in Mold<\/h4>\n<ul>\n<li><strong>Lebendige Prozesse im Boden 1.Teil<\/strong><\/li>\n<\/ul>\n<p><iframe src=\"https:\/\/www.youtube-nocookie.com\/embed\/DUKg5AyRzhg?rel=0&amp;showinfo=0\" width=\"560\" height=\"315\" frameborder=\"0\" allowfullscreen=\"allowfullscreen\"><\/iframe><\/p>\n<ul>\n<li><strong>Lebendige Prozesse im Boden 2.Teil<\/strong><\/li>\n<\/ul>\n<p><iframe src=\"https:\/\/www.youtube-nocookie.com\/embed\/fwbbyMPv_8M?rel=0&amp;showinfo=0\" width=\"560\" height=\"315\" frameborder=\"0\" allowfullscreen=\"allowfullscreen\"><\/iframe><\/p>\n<p>&nbsp;<\/p>\n<p>&nbsp;<\/p>\n","protected":false},"excerpt":{"rendered":"<p>Der neue Rusch\/Vanhooftest Aufzeichnung eines Bauernpraktikums in Linz am 7.11.2019. Peter Vanhoof erkl\u00e4rt die biologischen Kreisl\u00e4ufe und erkl\u00e4rt seinen Test und zeigt die Auswertung mit praktischen Erfahrungsberichten. Der Test wird auch von der ORBI\u00a0 F\u00f6rdergemeinschaft f\u00fcr gesundes Bauerntum f\u00fcr Landwirte und G\u00e4rtner angeboten. Video: Friedel Hans . Copyright 2019. DVD bei ing.hans@aon.at &nbsp; Frau Ing.Helga &hellip; <a href=\"https:\/\/www.orbi.or.at\/index.php\/videos\/\" class=\"more-link\"><span class=\"screen-reader-text\">Videos<\/span> weiterlesen <span class=\"meta-nav\">&rarr;<\/span><\/a><\/p>\n","protected":false},"author":1,"featured_media":0,"parent":0,"menu_order":0,"comment_status":"closed","ping_status":"closed","template":"","meta":[],"_links":{"self":[{"href":"https:\/\/www.orbi.or.at\/index.php\/wp-json\/wp\/v2\/pages\/772"}],"collection":[{"href":"https:\/\/www.orbi.or.at\/index.php\/wp-json\/wp\/v2\/pages"}],"about":[{"href":"https:\/\/www.orbi.or.at\/index.php\/wp-json\/wp\/v2\/types\/page"}],"author":[{"embeddable":true,"href":"https:\/\/www.orbi.or.at\/index.php\/wp-json\/wp\/v2\/users\/1"}],"replies":[{"embeddable":true,"href":"https:\/\/www.orbi.or.at\/index.php\/wp-json\/wp\/v2\/comments?post=772"}],"version-history":[{"count":6,"href":"https:\/\/www.orbi.or.at\/index.php\/wp-json\/wp\/v2\/pages\/772\/revisions"}],"predecessor-version":[{"id":1080,"href":"https:\/\/www.orbi.or.at\/index.php\/wp-json\/wp\/v2\/pages\/772\/revisions\/1080"}],"wp:attachment":[{"href":"https:\/\/www.orbi.or.at\/index.php\/wp-json\/wp\/v2\/media?parent=772"}],"curies":[{"name":"wp","href":"https:\/\/api.w.org\/{rel}","templated":true}]}}