{"id":91,"date":"2017-09-25T21:20:11","date_gmt":"2017-09-25T19:20:11","guid":{"rendered":"http:\/\/localhost\/wordpress\/?page_id=91"},"modified":"2023-04-29T19:31:45","modified_gmt":"2023-04-29T17:31:45","slug":"was-ist-orbi","status":"publish","type":"page","link":"https:\/\/www.orbi.or.at\/","title":{"rendered":""},"content":{"rendered":"<h3>Trailer: 60 Jahre Orbi<\/h3>\n<p><iframe title=\"60 Jahre Bio Verband Orbi - Trailer\" width=\"604\" height=\"340\" src=\"https:\/\/www.youtube.com\/embed\/sFcpw0kRvFs?feature=oembed\" frameborder=\"0\" allow=\"accelerometer; autoplay; clipboard-write; encrypted-media; gyroscope; picture-in-picture; web-share\" allowfullscreen><\/iframe><\/p>\n<h4><a href=\"https:\/\/www.orbi.or.at\/index.php\/videos\/60-jahre-orbi-der-film\/\">&gt;&gt; Zum Film<\/a><\/h4>\n<hr \/>\n<p>&nbsp;<\/p>\n<h2>Was ist Orbi?<\/h2>\n<p class=\"aktuell\">Die F\u00f6rderungsgemeinschaft f\u00fcr gesundes Bauerntum ist die\u00a0<em>Pioniergruppe<\/em> des organisch-biologischen Landbaues in \u00d6sterreich.<br \/>\n<strong>1959<\/strong> wurde sie gegr\u00fcndet und trug 20 Jahre lang allein den organisch-biologischen Landbau in \u00d6sterreich.<\/p>\n<p>&nbsp;<\/p>\n<figure id=\"attachment_608\" aria-describedby=\"caption-attachment-608\" style=\"width: 130px\" class=\"wp-caption alignleft\"><a href=\"http:\/\/www.orbi.or.at\/wp-content\/uploads\/2017\/09\/dr.hans_.mueller.jpg\"><img loading=\"lazy\" class=\"wp-image-608 \" src=\"http:\/\/www.orbi.or.at\/wp-content\/uploads\/2017\/09\/dr.hans_.mueller-225x300.jpg\" alt=\"\" width=\"130\" height=\"173\" srcset=\"https:\/\/www.orbi.or.at\/wp-content\/uploads\/2017\/09\/dr.hans_.mueller-225x300.jpg 225w, https:\/\/www.orbi.or.at\/wp-content\/uploads\/2017\/09\/dr.hans_.mueller-768x1024.jpg 768w, https:\/\/www.orbi.or.at\/wp-content\/uploads\/2017\/09\/dr.hans_.mueller.jpg 811w\" sizes=\"(max-width: 130px) 100vw, 130px\" \/><\/a><figcaption id=\"caption-attachment-608\" class=\"wp-caption-text\">Dr. Hans M\u00fcller<\/figcaption><\/figure>\n<figure id=\"attachment_607\" aria-describedby=\"caption-attachment-607\" style=\"width: 130px\" class=\"wp-caption alignright\"><a href=\"http:\/\/www.orbi.or.at\/wp-content\/uploads\/2017\/09\/Maria.Mueller.Bigler.jpg\"><img loading=\"lazy\" class=\" wp-image-607\" src=\"http:\/\/www.orbi.or.at\/wp-content\/uploads\/2017\/09\/Maria.Mueller.Bigler-224x300.jpg\" alt=\"\" width=\"130\" height=\"174\" srcset=\"https:\/\/www.orbi.or.at\/wp-content\/uploads\/2017\/09\/Maria.Mueller.Bigler-224x300.jpg 224w, https:\/\/www.orbi.or.at\/wp-content\/uploads\/2017\/09\/Maria.Mueller.Bigler-768x1029.jpg 768w, https:\/\/www.orbi.or.at\/wp-content\/uploads\/2017\/09\/Maria.Mueller.Bigler-764x1024.jpg 764w, https:\/\/www.orbi.or.at\/wp-content\/uploads\/2017\/09\/Maria.Mueller.Bigler.jpg 810w\" sizes=\"(max-width: 130px) 100vw, 130px\" \/><\/a><figcaption id=\"caption-attachment-607\" class=\"wp-caption-text\">Maria M\u00fcller-Bigler<\/figcaption><\/figure>\n<p><strong>1962<\/strong>\u00a0erfolgte die erste Fahrt der\u00a03 Gr\u00fcndungsmitglieder, Dr. Marianne Rieger, Sch\u00f6nfichten bei Grein, Dipl.-lng. Heinrich Brauner, Ybbsitz, und Luise und Hans Reinm\u00fcller, Neukirchen a. d. V\u00f6ckla,\u00a0in die Schweiz auf den M\u00f6schberg im Emmental, dem Zentrum dieser Landbaumethode zu <strong>Dr. Hans M\u00fcller<\/strong>, der im Verein mit seiner Gattin <strong>Maria M\u00fcller<\/strong> und <strong>Dr. Hans-Peter Rusch<\/strong> die organisch-biologische Landbaumethode ins Leben gerufen hatte.<\/p>\n<p>&nbsp;<\/p>\n<p>Nach der R\u00fcckkehr stellten die Genannten ihre Betriebe um und bildeten so die\u00a0ersten Keimzellen des organisch-biologischen Landbaues in \u00d6sterreich.<\/p>\n<figure id=\"attachment_601\" aria-describedby=\"caption-attachment-601\" style=\"width: 130px\" class=\"wp-caption alignright\"><a href=\"http:\/\/www.orbi.or.at\/wp-content\/uploads\/2018\/02\/Dr.Hans_.Peter_.Rusch_.png\"><img loading=\"lazy\" class=\" wp-image-601\" src=\"http:\/\/www.orbi.or.at\/wp-content\/uploads\/2018\/02\/Dr.Hans_.Peter_.Rusch_-215x300.png\" alt=\"\" width=\"130\" height=\"182\" srcset=\"https:\/\/www.orbi.or.at\/wp-content\/uploads\/2018\/02\/Dr.Hans_.Peter_.Rusch_-215x300.png 215w, https:\/\/www.orbi.or.at\/wp-content\/uploads\/2018\/02\/Dr.Hans_.Peter_.Rusch_-768x1069.png 768w, https:\/\/www.orbi.or.at\/wp-content\/uploads\/2018\/02\/Dr.Hans_.Peter_.Rusch_-735x1024.png 735w, https:\/\/www.orbi.or.at\/wp-content\/uploads\/2018\/02\/Dr.Hans_.Peter_.Rusch_.png 780w\" sizes=\"(max-width: 130px) 100vw, 130px\" \/><\/a><figcaption id=\"caption-attachment-601\" class=\"wp-caption-text\">Dr. Hans Peter Rusch<\/figcaption><\/figure>\n<p>In der Folge gr\u00fcndeten sich\u00a0Bauerngruppen, die ihre Betriebe umstellten:\u00a0So um Seekirchen am Mattsee, um Leogang im Pinzgau, in der O\u00d6 Laussa, um St. Marein b. Graz und im NO Wechsel.<br \/>\nDr. M\u00fcller besuchte diese Bauerngruppen j\u00e4hrlich und ebenso j\u00e4hrlich hieltereine Informationstagung in Salzburg ab. Der Kontakt mit ihm blieb aufrecht bis zu seinem Tod.<\/p>\n<p>Die F\u00f6rderungsgemeinschaft vertritt voll und ganz die unverf\u00e4lschte, urspr\u00fcnglich vermittelte Methode, und diese rein weiterzugeben, ist oberstes Vereinsziel.<br \/>\nDie Aus\u00fcbung von biologischen Landbaumethoden ist die Voraussetzung zur Verbreitung lebensgesetzlicher Erkenntnisse hinsichtlich der Pflege der Bodengesundheit als Fundament der Gesundheit von Pflanze, Tier und Mensch.<br \/>\nDie organisch-biologische Methode fu\u00dft daher auf der Verlebendigung und Gesunderhaltung des Bodens durch gepflegte organische D\u00fcnger wirtschaftselgener Herkunft, also durch:<\/p>\n<ul>\n<li>Fl\u00e4chenkompost aus Mistkompost oder Pflanzenkompost<\/li>\n<li>aufbereitete Jauchen und G\u00fcllen durch Bel\u00fcftung<\/li>\n<li>intensiver Einsatz von Vulkangesteinsmehlen<\/li>\n<\/ul>\n<p>Eine bedeutende Rolle spielt die\u00a0Gr\u00fcnd\u00fcngung, reiche Fruchtfolgen und keine Monokulturen und endlich eine schonende Bodenbearbeitung, keine schweren Ackerger\u00e4te, kein Tiefpfl\u00fcgen.<\/p>\n<p>Solcherart intensiv gepflegte, lebendige und damit gesunde B\u00f6den bringen Pflanzen hervor, die ihrerseits Gesundheit mitbringen und eine\u00a0ausgezeichnete Nahrung, wahrhafte \u201eLebens&#8220;-Mittel f\u00fcr Mensch und Tier\u00a0sind.<\/p>\n<p>Die F\u00f6rderungsgemeinschaft verleiht ein\u00a0Markenzeichen an die Mitgliedsbetriebe, sie gibt eine Zeitschrift mit Namen \u201e<em>Der B\u00e4uerliche Pionier<\/em>&#8220;\u00a0heraus und gr\u00fcndete <strong>1982<\/strong> in Linz die <em>Orbi Biol\u00e4den<\/em>.<\/p>\n<p>Die ca. 1.000 Mitglieder sind aus allen Bundesl\u00e4ndern und umfassen nicht nur Bauern, sondern auch Gartenbesitzer und Idealisten; das Vereinsziel \u201e Verst\u00e4ndigung von Stadt und Land&#8220; wird solcher-arten vorgelegt.<\/p>\n","protected":false},"excerpt":{"rendered":"<p>Trailer: 60 Jahre Orbi &gt;&gt; Zum Film &nbsp; Was ist Orbi? Die F\u00f6rderungsgemeinschaft f\u00fcr gesundes Bauerntum ist die\u00a0Pioniergruppe des organisch-biologischen Landbaues in \u00d6sterreich. 1959 wurde sie gegr\u00fcndet und trug 20 Jahre lang allein den organisch-biologischen Landbau in \u00d6sterreich. &nbsp; 1962\u00a0erfolgte die erste Fahrt der\u00a03 Gr\u00fcndungsmitglieder, Dr. Marianne Rieger, Sch\u00f6nfichten bei Grein, Dipl.-lng. Heinrich Brauner, Ybbsitz, &hellip; <a href=\"https:\/\/www.orbi.or.at\/\" class=\"more-link\"><span class=\"screen-reader-text\"><\/span> weiterlesen <span class=\"meta-nav\">&rarr;<\/span><\/a><\/p>\n","protected":false},"author":1,"featured_media":0,"parent":0,"menu_order":0,"comment_status":"closed","ping_status":"closed","template":"","meta":[],"_links":{"self":[{"href":"https:\/\/www.orbi.or.at\/index.php\/wp-json\/wp\/v2\/pages\/91"}],"collection":[{"href":"https:\/\/www.orbi.or.at\/index.php\/wp-json\/wp\/v2\/pages"}],"about":[{"href":"https:\/\/www.orbi.or.at\/index.php\/wp-json\/wp\/v2\/types\/page"}],"author":[{"embeddable":true,"href":"https:\/\/www.orbi.or.at\/index.php\/wp-json\/wp\/v2\/users\/1"}],"replies":[{"embeddable":true,"href":"https:\/\/www.orbi.or.at\/index.php\/wp-json\/wp\/v2\/comments?post=91"}],"version-history":[{"count":13,"href":"https:\/\/www.orbi.or.at\/index.php\/wp-json\/wp\/v2\/pages\/91\/revisions"}],"predecessor-version":[{"id":1408,"href":"https:\/\/www.orbi.or.at\/index.php\/wp-json\/wp\/v2\/pages\/91\/revisions\/1408"}],"wp:attachment":[{"href":"https:\/\/www.orbi.or.at\/index.php\/wp-json\/wp\/v2\/media?parent=91"}],"curies":[{"name":"wp","href":"https:\/\/api.w.org\/{rel}","templated":true}]}}