{"id":92,"date":"2017-09-25T21:20:11","date_gmt":"2017-09-25T19:20:11","guid":{"rendered":"http:\/\/localhost\/wordpress\/?page_id=92"},"modified":"2021-12-28T08:17:34","modified_gmt":"2021-12-28T07:17:34","slug":"ueber-uns","status":"publish","type":"page","link":"https:\/\/www.orbi.or.at\/index.php\/ueber-uns\/","title":{"rendered":"\u00dcber uns"},"content":{"rendered":"<h2 style=\"text-align: center; padding-top: 20px;\"><strong>Vorstandsmitglieder<\/strong><\/h2>\n<div style=\"width: 45%; padding: 0 20px 0 0; float: left;\">\n<h3>Obmann:<\/h3>\n<p><strong><img loading=\"lazy\" class=\"alignnone wp-image-766\" src=\"http:\/\/www.orbi.or.at\/wp-content\/uploads\/2018\/04\/josef_kuehboeck.jpg\" alt=\"\" width=\"180\" height=\"180\" srcset=\"https:\/\/www.orbi.or.at\/wp-content\/uploads\/2018\/04\/josef_kuehboeck.jpg 200w, https:\/\/www.orbi.or.at\/wp-content\/uploads\/2018\/04\/josef_kuehboeck-150x150.jpg 150w\" sizes=\"(max-width: 180px) 100vw, 180px\" \/><br \/>\nJosef K\u00fchb\u00f6ck<\/strong><br \/>\n<em>Biobauer<br \/>\n<\/em>Haimschlag 15<br \/>\n3903 Echsenbach<br \/>\n02849 8681 oder 0664 52 48 96<br \/>\njosef.kuehboeck@wvnet.at<\/p>\n<\/div>\n<div style=\"width: 45%; padding: 0 20px 0 0; float: right;\">\n<h3>Obmannstv.<\/h3>\n<p><img loading=\"lazy\" class=\"alignnone size-full wp-image-765\" src=\"http:\/\/www.orbi.or.at\/wp-content\/uploads\/2018\/04\/Fr_Helga_Wagner.jpg\" alt=\"\" width=\"132\" height=\"180\" \/><br \/>\n<strong>Hildegard Kolar<\/strong><br \/>\n<em>Hausfrau<\/em><br \/>\nM\u00fchlenhang 19<br \/>\n4100 Ottensheim<br \/>\n07234 82520 oder 0681 10 51 50 53<br \/>\nhildegardkolar@outlook.com<\/p>\n<\/div>\n<div style=\"width: 45%; padding: 0 20px 20px 0; float: left;\">\n<h3>Schriftf\u00fchrerin<\/h3>\n<p><img loading=\"lazy\" class=\"alignnone size-full wp-image-757\" src=\"http:\/\/www.orbi.or.at\/wp-content\/uploads\/2018\/04\/Fr_Eva_Maria_Rottenb\u00fccher.jpg\" alt=\"\" width=\"155\" height=\"180\" \/><br \/>\n<strong>Eva Maria Rottenb\u00fccher<\/strong><em><br \/>\nOrdinationsgehilfin<\/em><br \/>\nLeondingerstra\u00dfe 46<br \/>\n4060 Leonding<br \/>\n0650 76 66 626<br \/>\neva.rottenbuecher65@gmail.com<\/p>\n<h3><\/h3>\n<h3>Rechnungsf\u00fchrerin<\/h3>\n<p><strong>Martina Haider<br \/>\n<\/strong><em>Angestellte<\/em><br \/>\nGro\u00dfglobnitz 79<br \/>\n3910 Zwettl<br \/>\n0664 999 73 81<br \/>\nmartina-haider@gmx.net<\/p>\n<\/div>\n<p>&nbsp;<\/p>\n<p>&nbsp;<\/p>\n<p>&nbsp;<\/p>\n<div style=\"width: 45%; padding: 0 20px 0 0; float: right;\">\n<h3>Schriftf\u00fchrerin-Stv.<\/h3>\n<p><strong><img loading=\"lazy\" class=\"alignnone size-full wp-image-759\" src=\"http:\/\/www.orbi.or.at\/wp-content\/uploads\/2018\/04\/Fr_Hilde_Nessler.jpg\" alt=\"\" width=\"155\" height=\"180\" \/><br \/>\nHilde Nessler<\/strong><br \/>\n<em>Pensionistin<\/em><br \/>\nDametzstra\u00dfe 41<br \/>\n4020 Linz<br \/>\n0732 79 22 67 oder 0680 14 47 121<br \/>\nlang.monika@gmx.at<\/p>\n<\/div>\n<p>&nbsp;<\/p>\n<div style=\"width: 45%; padding: 0 20px 0 0; float: right;\">\n<h3>Rechnungsf\u00fchrer-Stv.<\/h3>\n<p><strong><img loading=\"lazy\" class=\"alignnone size-full wp-image-760\" src=\"http:\/\/www.orbi.or.at\/wp-content\/uploads\/2018\/04\/Franz_Prinz.jpg\" alt=\"\" width=\"156\" height=\"180\" \/><br \/>\nFranz Prinz<\/strong><br \/>\n<em>Biobauer<\/em><br \/>\nKottingnondorf 6<br \/>\n3920 Gross Gerungs<br \/>\n02812 7193 oder 0664 73 63 95 83<br \/>\nprinzenhof@wavenet.at<\/p>\n<\/div>\n<h2><\/h2>\n<h2 style=\"text-align: center; padding-top: 40px;\"><strong>Beir\u00e4te<\/strong><\/h2>\n<div style=\"width: 45%; padding: 0 20px 30px 0; float: left;\"><strong>Dr. Gebhard Rieger<br \/>\n<\/strong><img loading=\"lazy\" class=\"alignnone size-full wp-image-756\" src=\"http:\/\/www.orbi.or.at\/wp-content\/uploads\/2018\/04\/Dr_Rieger.jpg\" alt=\"\" width=\"155\" height=\"180\" \/><br \/>\n<em>Augenarzt in Pension<\/em><br \/>\nEduartsh\u00f6he 19<br \/>\n4540 Bad Hall<br \/>\n07258 2193<br \/>\ngebhard.rieger@gmx.at<\/div>\n<div style=\"width: 45%; padding: 0 20px 30px 0; float: right;\"><strong>Dr. J\u00fcrgen Magnus<br \/>\n<\/strong><img loading=\"lazy\" class=\"alignnone size-full wp-image-755\" src=\"http:\/\/www.orbi.or.at\/wp-content\/uploads\/2018\/04\/Dr_Magnus.jpg\" alt=\"\" width=\"155\" height=\"180\" \/><br \/>\n<em>Tierarzt in Pension<\/em><br \/>\nSt\u00f6ttham 21<br \/>\n4881 Strass.i.A.<br \/>\n0699 11 52 84 02<br \/>\ndr.ernstjuergen.magnus@gmail.at<\/div>\n<div style=\"width: 45%; padding: 0 20px 30px 0; float: left;\"><strong>Reinhard Hagm\u00fcller<br \/>\n<\/strong><img loading=\"lazy\" class=\"alignnone size-full wp-image-764\" src=\"http:\/\/www.orbi.or.at\/wp-content\/uploads\/2018\/04\/Reinhard_Hagmueller1.jpg\" alt=\"\" width=\"155\" height=\"180\" \/><br \/>\n<em>Biobauer<\/em><br \/>\nB\u00e4renstra\u00dfe 24<br \/>\n4064 Oftering<br \/>\n07221 63858 oder 0664 73 4854 34<br \/>\nfamilie.hagmueller@aon.at<\/div>\n<div style=\"width: 45%; padding: 0 20px 30px 0; float: right;\"><strong>Alfred Lamm<br \/>\n<\/strong><img loading=\"lazy\" class=\"alignnone size-full wp-image-761\" src=\"http:\/\/www.orbi.or.at\/wp-content\/uploads\/2018\/04\/Hr_Alfred_Lamm.jpg\" alt=\"\" width=\"155\" height=\"180\" \/><br \/>\n<em>Biobauer in Pension<\/em><br \/>\nOberndorf 8<br \/>\n4502 St. Marien<br \/>\n07227 8281 oder 0664 7372 4969<br \/>\ndoris.lamm@amu.at<\/div>\n<div style=\"width: 45%; padding: 0 20px 30px 0; float: left;\"><strong>Helmut Ri\u00df<br \/>\n<\/strong><img loading=\"lazy\" class=\"alignnone size-full wp-image-762\" src=\"http:\/\/www.orbi.or.at\/wp-content\/uploads\/2018\/04\/Hr_Helmut_Ri\u00df.jpg\" alt=\"\" width=\"149\" height=\"180\" \/><br \/>\n<em>Biobauer<\/em><br \/>\nGrafenschlag 14<br \/>\n3912 Grafenschlag<br \/>\n0664 36 94 422<br \/>\nhelmutriss@aon.at<\/div>\n<div><\/div>\n<div><\/div>\n<div><\/div>\n<div><\/div>\n<div><\/div>\n<div><\/div>\n<div><\/div>\n<div><\/div>\n<div><\/div>\n<div><\/div>\n<div><\/div>\n<div><\/div>\n<div><\/div>\n<div><\/div>\n<div style=\"width: 45%; padding: 0 20px 30px 0; float: right;\"><strong>Mag.Bernd Schickinger<br \/>\n<\/strong><strong><img loading=\"lazy\" class=\"alignnone size-full wp-image-763\" src=\"http:\/\/www.orbi.or.at\/wp-content\/uploads\/2018\/04\/Mag_Schickinger.jpg\" alt=\"\" width=\"155\" height=\"180\" \/><\/strong><br \/>\n<em>Gesch\u00e4ftsf\u00fchrer in Pension<\/em><br \/>\nLinzer Stra\u00dfe 19a<br \/>\n4040 Linz<br \/>\n0664 30 89 96<br \/>\nb.schickinger@aon.at<\/div>\n<div><\/div>\n<div><\/div>\n<div><\/div>\n<div><\/div>\n<div><\/div>\n<div><\/div>\n<div><\/div>\n<div><\/div>\n<div><\/div>\n<p>&nbsp;<\/p>\n<p><strong>Leo Reindl<br \/>\n<\/strong><img loading=\"lazy\" class=\"alignnone wp-image-1312 \" src=\"https:\/\/www.orbi.or.at\/wp-content\/uploads\/2021\/11\/Leo_Reindl.png\" alt=\"\" width=\"149\" height=\"184\" srcset=\"https:\/\/www.orbi.or.at\/wp-content\/uploads\/2021\/11\/Leo_Reindl.png 362w, https:\/\/www.orbi.or.at\/wp-content\/uploads\/2021\/11\/Leo_Reindl-244x300.png 244w\" sizes=\"(max-width: 149px) 100vw, 149px\" \/><br \/>\n<em>Biobauer und Lehrer<\/em><br \/>\nSchwarzenbach 10<br \/>\n4193 Reichenthal<br \/>\n0664 73 55 25 99<br \/>\nleo_reindl@hotmail.com<\/p>\n<p>&nbsp;<\/p>\n<p>&nbsp;<\/p>\n<h2><\/h2>\n<h2 style=\"text-align: center; padding-top: 40px;\"><strong>Rechnungspr\u00fcfer<\/strong><\/h2>\n<div style=\"width: 45%; padding: 0 20px 0 0; float: left;\"><strong>Martin Luger<\/strong><br \/>\n<em>Biobauer<\/em><br \/>\nRegnersdorf 15<br \/>\n4716 Hofkirchen\/Trattn.<br \/>\n0650 30 11 199<br \/>\n06503011188@telering.at<\/div>\n<div style=\"width: 45%; padding: 0 20px 0 0; float: right;\"><strong>Martin Wurz<\/strong><br \/>\n<em>Biobauer<\/em><br \/>\nAm Berg 18<br \/>\n3903 Echsenbach<br \/>\n0664 49 01 903<br \/>\nbiobauer.wurz@a1.net<\/div>\n<div style=\"\u201dclear: both;\"><\/div>\n","protected":false},"excerpt":{"rendered":"<p>Vorstandsmitglieder Obmann: Josef K\u00fchb\u00f6ck Biobauer Haimschlag 15 3903 Echsenbach 02849 8681 oder 0664 52 48 96 josef.kuehboeck@wvnet.at Obmannstv. Hildegard Kolar Hausfrau M\u00fchlenhang 19 4100 Ottensheim 07234 82520 oder 0681 10 51 50 53 hildegardkolar@outlook.com Schriftf\u00fchrerin Eva Maria Rottenb\u00fccher Ordinationsgehilfin Leondingerstra\u00dfe 46 4060 Leonding 0650 76 66 626 eva.rottenbuecher65@gmail.com Rechnungsf\u00fchrerin Martina Haider Angestellte Gro\u00dfglobnitz 79 3910 &hellip; <a href=\"https:\/\/www.orbi.or.at\/index.php\/ueber-uns\/\" class=\"more-link\"><span class=\"screen-reader-text\">\u00dcber uns<\/span> weiterlesen <span class=\"meta-nav\">&rarr;<\/span><\/a><\/p>\n","protected":false},"author":1,"featured_media":0,"parent":0,"menu_order":0,"comment_status":"closed","ping_status":"closed","template":"","meta":[],"_links":{"self":[{"href":"https:\/\/www.orbi.or.at\/index.php\/wp-json\/wp\/v2\/pages\/92"}],"collection":[{"href":"https:\/\/www.orbi.or.at\/index.php\/wp-json\/wp\/v2\/pages"}],"about":[{"href":"https:\/\/www.orbi.or.at\/index.php\/wp-json\/wp\/v2\/types\/page"}],"author":[{"embeddable":true,"href":"https:\/\/www.orbi.or.at\/index.php\/wp-json\/wp\/v2\/users\/1"}],"replies":[{"embeddable":true,"href":"https:\/\/www.orbi.or.at\/index.php\/wp-json\/wp\/v2\/comments?post=92"}],"version-history":[{"count":22,"href":"https:\/\/www.orbi.or.at\/index.php\/wp-json\/wp\/v2\/pages\/92\/revisions"}],"predecessor-version":[{"id":1340,"href":"https:\/\/www.orbi.or.at\/index.php\/wp-json\/wp\/v2\/pages\/92\/revisions\/1340"}],"wp:attachment":[{"href":"https:\/\/www.orbi.or.at\/index.php\/wp-json\/wp\/v2\/media?parent=92"}],"curies":[{"name":"wp","href":"https:\/\/api.w.org\/{rel}","templated":true}]}}